{"id":2,"date":"2022-10-04T13:03:24","date_gmt":"2022-10-04T11:03:24","guid":{"rendered":"http:\/\/newtownpark.fr\/?page_id=2"},"modified":"2025-09-26T12:35:25","modified_gmt":"2025-09-26T10:35:25","slug":"acces-horaires","status":"publish","type":"page","link":"https:\/\/newtownpark.fr\/index.php\/acces-horaires\/","title":{"rendered":"Acc\u00e9s &#038; Horaires"},"content":{"rendered":"\t\t<div data-elementor-type=\"wp-page\" data-elementor-id=\"2\" class=\"elementor elementor-2\">\n\t\t\t\t\t\t<section class=\"elementor-section elementor-top-section elementor-element elementor-element-7f4c85d5 elementor-section-boxed elementor-section-height-default elementor-section-height-default\" data-id=\"7f4c85d5\" data-element_type=\"section\" data-e-type=\"section\">\n\t\t\t\t\t\t<div class=\"elementor-container elementor-column-gap-default\">\n\t\t\t\t\t<div class=\"elementor-column elementor-col-100 elementor-top-column elementor-element elementor-element-5825ab0\" data-id=\"5825ab0\" data-element_type=\"column\" data-e-type=\"column\">\n\t\t\t<div class=\"elementor-widget-wrap\">\n\t\t\t\t\t\t\t<\/div>\n\t\t<\/div>\n\t\t\t\t\t<\/div>\n\t\t<\/section>\n\t\t\t\t<section class=\"elementor-section elementor-top-section elementor-element elementor-element-ade7f0f elementor-section-boxed elementor-section-height-default elementor-section-height-default\" data-id=\"ade7f0f\" data-element_type=\"section\" data-e-type=\"section\">\n\t\t\t\t\t\t<div class=\"elementor-container elementor-column-gap-default\">\n\t\t\t\t\t<div class=\"elementor-column elementor-col-50 elementor-top-column elementor-element elementor-element-bbdfcc9\" data-id=\"bbdfcc9\" data-element_type=\"column\" data-e-type=\"column\">\n\t\t\t<div class=\"elementor-widget-wrap elementor-element-populated\">\n\t\t\t\t\t\t<div class=\"elementor-element elementor-element-ebe55fc elementor-widget elementor-widget-text-editor\" data-id=\"ebe55fc\" data-element_type=\"widget\" data-e-type=\"widget\" data-widget_type=\"text-editor.default\">\n\t\t\t\t<div class=\"elementor-widget-container\">\n\t\t\t\t\t\t\t\t\t<p style=\"text-align: center;\"><strong>HORAIRES (Hors vacances)<\/strong><\/p>\n<p style=\"text-align: center;\">Lundi&nbsp; &nbsp; &nbsp; &nbsp; &nbsp; &nbsp; &nbsp; &nbsp; &nbsp; &nbsp; &nbsp;14h00 &#8211; 20h00<br>Mardi&nbsp; &nbsp; &nbsp; &nbsp; &nbsp; &nbsp; &nbsp; &nbsp; &nbsp; &nbsp; 14h00 &#8211; 20h00<br>Mercredi&nbsp; &nbsp; &nbsp; &nbsp; &nbsp; &nbsp; &nbsp;10h00 &#8211; 20h00<br>Jeudi&nbsp; &nbsp; &nbsp; &nbsp; &nbsp; &nbsp; &nbsp; &nbsp; &nbsp; &nbsp; &nbsp; 14h00 &#8211; 20h00<br>Vendredi&nbsp; &nbsp; &nbsp; &nbsp; &nbsp; &nbsp; &nbsp;14h00 &#8211; 20h00<br>Samedi&nbsp; &nbsp; &nbsp; &nbsp; &nbsp; &nbsp; &nbsp; &nbsp; &nbsp;10h00 &#8211; 20h00<br>Dimanche&nbsp; &nbsp; &nbsp; &nbsp; &nbsp; 10h00 &#8211; 20h00<\/p>\n<p style=\"text-align: center;\"><strong>VACANCES SCOLAIRES<\/strong><\/p>\n<p style=\"text-align: center;\">Ouvert tous les jours de 10h00 \u00e0 20h00<\/p>\t\t\t\t\t\t\t\t<\/div>\n\t\t\t\t<\/div>\n\t\t\t\t\t<\/div>\n\t\t<\/div>\n\t\t\t\t<div class=\"elementor-column elementor-col-50 elementor-top-column elementor-element elementor-element-b539bd8\" data-id=\"b539bd8\" data-element_type=\"column\" data-e-type=\"column\">\n\t\t\t<div class=\"elementor-widget-wrap elementor-element-populated\">\n\t\t\t\t\t\t<div class=\"elementor-element elementor-element-850d831 elementor-widget elementor-widget-text-editor\" data-id=\"850d831\" data-element_type=\"widget\" data-e-type=\"widget\" data-widget_type=\"text-editor.default\">\n\t\t\t\t<div class=\"elementor-widget-container\">\n\t\t\t\t\t\t\t\t\t<h3 style=\"text-align: center;\"><strong>ACC\u00c8<\/strong><strong>S<\/strong><\/h3>\n<p><strong>NEWTOWN PARK<br>4 Boulevard Gallieni<br>92390 Villeneuve-la-Garenne<\/strong><\/p><strong>\n<\/strong><p><strong><\/strong><\/p>\n<p><strong>En voiture<\/strong><br>Via A86 Sortie 6 direction Gennevilliers &#8211; Villeneuve la Garenne<br>Via A86 Sortie 7 direction la D\u00e9fense et suivre D7<br>Quais de Seine Quai du Moulin de Cage&nbsp;<br>P\u00e9riph\u00e9rique Sortie Porte de Clichy&nbsp;<\/p>\n<p><strong>En m\u00e9tro :&nbsp;<\/strong><br>Ligne 13 : Arr\u00eat Mairie de Saint Ouen + Bus 137 (arr\u00eat C. Petiet)<br>Ligne 13 : Arr\u00eat Gabriel Peri&nbsp;+ Bus 177 (arr\u00eat C. Petiet)<\/p>\n<p><strong>En RER :<\/strong><br>RER C : Arr\u00eat Les Gresillons puis&nbsp;Bus 177 (arr\u00eat Bongarde) ou 15 min \u00e0 pied<br>RED D : Arr\u00eat Saint Denis&nbsp;puis Bus 237 (arr\u00eat quai du Chatelier NO 9)<\/p>\n<p><strong>En bus :<\/strong><br>Lignes 137 &#8211; 177 : Arr\u00eat Lyc\u00e9e C. Petiet &#8211; C.Commercial<br>Ligne 261 : Arr\u00eat Bongarde<\/p>\n<p><strong>En tram :&nbsp;<\/strong><br>T1 : Arr\u00eat LA NOUE&nbsp;puis \u00e0 pied (ou bus 177)<br>T1 : Arr\u00eat MAIRIE&nbsp;puis \u00e0 pied (ou bus 137)<\/p>\t\t\t\t\t\t\t\t<\/div>\n\t\t\t\t<\/div>\n\t\t\t\t\t<\/div>\n\t\t<\/div>\n\t\t\t\t\t<\/div>\n\t\t<\/section>\n\t\t\t\t<section class=\"elementor-section elementor-top-section elementor-element elementor-element-b526bb7 elementor-section-boxed elementor-section-height-default elementor-section-height-default\" data-id=\"b526bb7\" data-element_type=\"section\" data-e-type=\"section\">\n\t\t\t\t\t\t<div class=\"elementor-container elementor-column-gap-default\">\n\t\t\t\t\t<div class=\"elementor-column elementor-col-100 elementor-top-column elementor-element elementor-element-8e8cfe7\" data-id=\"8e8cfe7\" data-element_type=\"column\" data-e-type=\"column\">\n\t\t\t<div class=\"elementor-widget-wrap elementor-element-populated\">\n\t\t\t\t\t\t<div class=\"elementor-element elementor-element-5bfef1a elementor-widget elementor-widget-google_maps\" data-id=\"5bfef1a\" data-element_type=\"widget\" data-e-type=\"widget\" data-widget_type=\"google_maps.default\">\n\t\t\t\t<div class=\"elementor-widget-container\">\n\t\t\t\t\t\t\t<div class=\"elementor-custom-embed\">\n\t\t\t<iframe loading=\"lazy\"\n\t\t\t\t\tsrc=\"https:\/\/maps.google.com\/maps?q=4%20Boulevard%20Gallieni%2092390%20Villeneuve-la-Garenne%20France&#038;t=m&#038;z=16&#038;output=embed&#038;iwloc=near\"\n\t\t\t\t\ttitle=\"4 Boulevard Gallieni 92390 Villeneuve-la-Garenne France\"\n\t\t\t\t\taria-label=\"4 Boulevard Gallieni 92390 Villeneuve-la-Garenne France\"\n\t\t\t><\/iframe>\n\t\t<\/div>\n\t\t\t\t\t\t<\/div>\n\t\t\t\t<\/div>\n\t\t\t\t\t<\/div>\n\t\t<\/div>\n\t\t\t\t\t<\/div>\n\t\t<\/section>\n\t\t\t\t<section class=\"elementor-section elementor-top-section elementor-element elementor-element-9c74269 elementor-section-boxed elementor-section-height-default elementor-section-height-default\" data-id=\"9c74269\" data-element_type=\"section\" data-e-type=\"section\">\n\t\t\t\t\t\t<div class=\"elementor-container elementor-column-gap-default\">\n\t\t\t\t\t<div class=\"elementor-column elementor-col-100 elementor-top-column elementor-element elementor-element-82ab201\" data-id=\"82ab201\" data-element_type=\"column\" data-e-type=\"column\">\n\t\t\t<div class=\"elementor-widget-wrap elementor-element-populated\">\n\t\t\t\t\t\t<div class=\"elementor-element elementor-element-a006b59 elementor-widget elementor-widget-spacer\" data-id=\"a006b59\" data-element_type=\"widget\" data-e-type=\"widget\" data-widget_type=\"spacer.default\">\n\t\t\t\t<div class=\"elementor-widget-container\">\n\t\t\t\t\t\t\t<div class=\"elementor-spacer\">\n\t\t\t<div class=\"elementor-spacer-inner\"><\/div>\n\t\t<\/div>\n\t\t\t\t\t\t<\/div>\n\t\t\t\t<\/div>\n\t\t\t\t\t<\/div>\n\t\t<\/div>\n\t\t\t\t\t<\/div>\n\t\t<\/section>\n\t\t\t\t<\/div>\n\t\t","protected":false},"excerpt":{"rendered":"<p>HORAIRES (Hors vacances) Lundi&nbsp; &nbsp; &nbsp; &nbsp; &nbsp; &nbsp; &nbsp; &nbsp; &nbsp; &nbsp; &nbsp;14h00 &#8211; 20h00Mardi&nbsp; &nbsp; &nbsp; &nbsp; &nbsp; &nbsp; &nbsp; &nbsp; &nbsp; &nbsp; 14h00 &#8211; 20h00Mercredi&nbsp; &nbsp; &nbsp; &nbsp; &nbsp; &nbsp; &nbsp;10h00 &#8211; 20h00Jeudi&nbsp; &nbsp; &nbsp; &nbsp; &nbsp; &nbsp; &nbsp; &nbsp; &nbsp; &nbsp; &nbsp; 14h00 &#8211; 20h00Vendredi&nbsp; &nbsp; &nbsp; &nbsp; &nbsp; &nbsp; &nbsp;14h00 [&hellip;]<\/p>\n","protected":false},"author":1,"featured_media":0,"parent":0,"menu_order":0,"comment_status":"closed","ping_status":"closed","template":"","meta":{"footnotes":""},"class_list":["post-2","page","type-page","status-publish","hentry"],"_links":{"self":[{"href":"https:\/\/newtownpark.fr\/index.php\/wp-json\/wp\/v2\/pages\/2","targetHints":{"allow":["GET"]}}],"collection":[{"href":"https:\/\/newtownpark.fr\/index.php\/wp-json\/wp\/v2\/pages"}],"about":[{"href":"https:\/\/newtownpark.fr\/index.php\/wp-json\/wp\/v2\/types\/page"}],"author":[{"embeddable":true,"href":"https:\/\/newtownpark.fr\/index.php\/wp-json\/wp\/v2\/users\/1"}],"replies":[{"embeddable":true,"href":"https:\/\/newtownpark.fr\/index.php\/wp-json\/wp\/v2\/comments?post=2"}],"version-history":[{"count":48,"href":"https:\/\/newtownpark.fr\/index.php\/wp-json\/wp\/v2\/pages\/2\/revisions"}],"predecessor-version":[{"id":3365,"href":"https:\/\/newtownpark.fr\/index.php\/wp-json\/wp\/v2\/pages\/2\/revisions\/3365"}],"wp:attachment":[{"href":"https:\/\/newtownpark.fr\/index.php\/wp-json\/wp\/v2\/media?parent=2"}],"curies":[{"name":"wp","href":"https:\/\/api.w.org\/{rel}","templated":true}]}}