{"id":2021,"date":"2021-10-02T11:14:53","date_gmt":"2021-10-02T09:14:53","guid":{"rendered":"https:\/\/happykids.cwsthemes.com\/?page_id=2021"},"modified":"2025-09-16T14:00:48","modified_gmt":"2025-09-16T12:00:48","slug":"anniversaires","status":"publish","type":"page","link":"https:\/\/newtownpark.fr\/index.php\/anniversaires\/","title":{"rendered":"Anniversaires"},"content":{"rendered":"\t\t<div data-elementor-type=\"wp-page\" data-elementor-id=\"2021\" class=\"elementor elementor-2021\">\n\t\t\t\t\t\t<section class=\"elementor-section elementor-top-section elementor-element elementor-element-d8b28ed elementor-section-boxed elementor-section-height-default elementor-section-height-default\" data-id=\"d8b28ed\" data-element_type=\"section\" data-e-type=\"section\">\n\t\t\t\t\t\t<div class=\"elementor-container elementor-column-gap-default\">\n\t\t\t\t\t<div class=\"elementor-column elementor-col-100 elementor-top-column elementor-element elementor-element-99c01b4\" data-id=\"99c01b4\" data-element_type=\"column\" data-e-type=\"column\">\n\t\t\t<div class=\"elementor-widget-wrap elementor-element-populated\">\n\t\t\t\t\t\t<div class=\"elementor-element elementor-element-5366129 elementor-widget elementor-widget-text-editor\" data-id=\"5366129\" data-element_type=\"widget\" data-e-type=\"widget\" data-widget_type=\"text-editor.default\">\n\t\t\t\t<div class=\"elementor-widget-container\">\n\t\t\t\t\t\t\t\t\t<p><strong>Venez f\u00eatez vos \u00e9v\u00e8nements familiaux au Newtown Park, un anniversaire, un enterrement de vie de c\u00e9libataire ou juste pour le fun, le Newtown Park c\u2019est l\u2019endroit id\u00e9al pour faire la f\u00eate. Choisissez vos activit\u00e9s \u00e0 la carte ou packag\u00e9es et faites de votre \u00e9v\u00e8nement un moment unique.<\/strong><\/p>\t\t\t\t\t\t\t\t<\/div>\n\t\t\t\t<\/div>\n\t\t\t\t\t<\/div>\n\t\t<\/div>\n\t\t\t\t\t<\/div>\n\t\t<\/section>\n\t\t\t\t<section class=\"elementor-section elementor-top-section elementor-element elementor-element-038d541 elementor-section-boxed elementor-section-height-default elementor-section-height-default\" data-id=\"038d541\" data-element_type=\"section\" data-e-type=\"section\">\n\t\t\t\t\t\t<div class=\"elementor-container elementor-column-gap-default\">\n\t\t\t\t\t<div class=\"elementor-column elementor-col-100 elementor-top-column elementor-element elementor-element-151d526\" data-id=\"151d526\" data-element_type=\"column\" data-e-type=\"column\">\n\t\t\t<div class=\"elementor-widget-wrap elementor-element-populated\">\n\t\t\t\t\t\t<div class=\"elementor-element elementor-element-0b76b6f elementor-widget elementor-widget-text-editor\" data-id=\"0b76b6f\" data-element_type=\"widget\" data-e-type=\"widget\" data-widget_type=\"text-editor.default\">\n\t\t\t\t<div class=\"elementor-widget-container\">\n\t\t\t\t\t\t\t\t\t<h3>LES FORMULES ANNIVERSAIRES<\/h3>\t\t\t\t\t\t\t\t<\/div>\n\t\t\t\t<\/div>\n\t\t\t\t\t<\/div>\n\t\t<\/div>\n\t\t\t\t\t<\/div>\n\t\t<\/section>\n\t\t\t\t<section class=\"elementor-section elementor-top-section elementor-element elementor-element-82a4226 elementor-section-boxed elementor-section-height-default elementor-section-height-default\" data-id=\"82a4226\" data-element_type=\"section\" data-e-type=\"section\">\n\t\t\t\t\t\t<div class=\"elementor-container elementor-column-gap-extended\">\n\t\t\t\t\t<div class=\"elementor-column elementor-col-33 elementor-top-column elementor-element elementor-element-a9f961f\" data-id=\"a9f961f\" data-element_type=\"column\" data-e-type=\"column\">\n\t\t\t<div class=\"elementor-widget-wrap elementor-element-populated\">\n\t\t\t\t\t\t<div class=\"elementor-element elementor-element-1e3143e elementor-widget__width-initial elementor-widget elementor-widget-image\" data-id=\"1e3143e\" data-element_type=\"widget\" data-e-type=\"widget\" data-widget_type=\"image.default\">\n\t\t\t\t<div class=\"elementor-widget-container\">\n\t\t\t\t\t\t\t\t\t\t\t\t\t\t\t<img fetchpriority=\"high\" decoding=\"async\" width=\"300\" height=\"300\" src=\"https:\/\/newtownpark.fr\/wp-content\/uploads\/2025\/02\/file-4Yy1iy25EhnCUZXnGtASsw-300x300.webp\" class=\"attachment-medium size-medium wp-image-3312\" alt=\"\" srcset=\"https:\/\/newtownpark.fr\/wp-content\/uploads\/2025\/02\/file-4Yy1iy25EhnCUZXnGtASsw-300x300.webp 300w, https:\/\/newtownpark.fr\/wp-content\/uploads\/2025\/02\/file-4Yy1iy25EhnCUZXnGtASsw-150x150.webp 150w, https:\/\/newtownpark.fr\/wp-content\/uploads\/2025\/02\/file-4Yy1iy25EhnCUZXnGtASsw-768x768.webp 768w, https:\/\/newtownpark.fr\/wp-content\/uploads\/2025\/02\/file-4Yy1iy25EhnCUZXnGtASsw-600x600.webp 600w, https:\/\/newtownpark.fr\/wp-content\/uploads\/2025\/02\/file-4Yy1iy25EhnCUZXnGtASsw-100x100.webp 100w, https:\/\/newtownpark.fr\/wp-content\/uploads\/2025\/02\/file-4Yy1iy25EhnCUZXnGtASsw.webp 1024w\" sizes=\"(max-width: 300px) 100vw, 300px\" \/>\t\t\t\t\t\t\t\t\t\t\t\t\t\t\t<\/div>\n\t\t\t\t<\/div>\n\t\t\t\t<div class=\"elementor-element elementor-element-793d862 elementor-widget elementor-widget-spacer\" data-id=\"793d862\" data-element_type=\"widget\" data-e-type=\"widget\" data-widget_type=\"spacer.default\">\n\t\t\t\t<div class=\"elementor-widget-container\">\n\t\t\t\t\t\t\t<div class=\"elementor-spacer\">\n\t\t\t<div class=\"elementor-spacer-inner\"><\/div>\n\t\t<\/div>\n\t\t\t\t\t\t<\/div>\n\t\t\t\t<\/div>\n\t\t\t\t<div class=\"elementor-element elementor-element-ee3dee0 elementor-widget elementor-widget-cws_heading\" data-id=\"ee3dee0\" data-element_type=\"widget\" data-e-type=\"widget\" data-widget_type=\"cws_heading.default\">\n\t\t\t\t<div class=\"elementor-widget-container\">\n\t\t\t\t\t<div class=\"cws-widget\"><div class=\"cws_widget_content\"><div class=\"widget-title\">La formule YAMAKASI<\/div><\/div><\/div>\t\t\t\t<\/div>\n\t\t\t\t<\/div>\n\t\t\t\t<div class=\"elementor-element elementor-element-cb7682d elementor-widget elementor-widget-text-editor\" data-id=\"cb7682d\" data-element_type=\"widget\" data-e-type=\"widget\" data-widget_type=\"text-editor.default\">\n\t\t\t\t<div class=\"elementor-widget-container\">\n\t\t\t\t\t\t\t\t\t<p><strong><span style=\"vertical-align: inherit;\"><span style=\"vertical-align: inherit;\"><span style=\"vertical-align: inherit;\"><span style=\"vertical-align: inherit;\">A partir de 8 ans &#8211;\u00a0 15<\/span><\/span><\/span><\/span><span style=\"font-size: 16px;\"><span style=\"vertical-align: inherit;\"><span style=\"vertical-align: inherit;\"><span style=\"vertical-align: inherit;\"><span style=\"vertical-align: inherit;\">\u20ac par personne<\/span><\/span><\/span><\/span><\/span><\/strong><\/p><p><strong>8 enfants minimum<\/strong><\/p><p><span style=\"vertical-align: inherit;\">\u2022 <\/span>Dur\u00e9e deux heures<br \/><span style=\"vertical-align: inherit;\">\u2022 2<\/span>\u00a0parties de Ninja Tag4<\/p><p>40 minutes d&#8217;escalade<\/p><p><span style=\"vertical-align: inherit;\">\u2022 P<\/span>ause en salle d&#8217;anniversaire pour faire le go\u00fbter (non fourni)<br \/><span style=\"vertical-align: inherit;\">\u2022 <\/span>Pause en salle d&#8217;anniversaire pour finir le go\u00fbter<br \/><span style=\"vertical-align: inherit;\">\u2022 <\/span>Boisssons ( Pepsi, eau, sirop, gobelets)<br \/><span style=\"vertical-align: inherit;\">\u2022 <\/span>3 jetons par enfant pour les jeux d&#8217;arcade<\/p>\t\t\t\t\t\t\t\t<\/div>\n\t\t\t\t<\/div>\n\t\t\t\t<div class=\"elementor-element elementor-element-f189df3 elementor-widget elementor-widget-cws_button\" data-id=\"f189df3\" data-element_type=\"widget\" data-e-type=\"widget\" data-widget_type=\"cws_button.default\">\n\t\t\t\t<div class=\"elementor-widget-container\">\n\t\t\t\t\t<a href=\"https:\/\/www.ibookit.fr\/commande\/commande.php?id_site=17&id_activite=1&cle_commande=At67mMUK&anniversaires=1\" target=\"_blank\" class=\"cws_button\"><span>R\u00e9servez<\/span><\/a>\t\t\t\t<\/div>\n\t\t\t\t<\/div>\n\t\t\t\t\t<\/div>\n\t\t<\/div>\n\t\t\t\t<div class=\"elementor-column elementor-col-33 elementor-top-column elementor-element elementor-element-a0fc791\" data-id=\"a0fc791\" data-element_type=\"column\" data-e-type=\"column\">\n\t\t\t<div class=\"elementor-widget-wrap elementor-element-populated\">\n\t\t\t\t\t\t<div class=\"elementor-element elementor-element-49b6d37 elementor-widget__width-initial elementor-widget elementor-widget-image\" data-id=\"49b6d37\" data-element_type=\"widget\" data-e-type=\"widget\" data-widget_type=\"image.default\">\n\t\t\t\t<div class=\"elementor-widget-container\">\n\t\t\t\t\t\t\t\t\t\t\t\t\t\t\t<img decoding=\"async\" width=\"1024\" height=\"1024\" src=\"https:\/\/newtownpark.fr\/wp-content\/uploads\/2025\/02\/file-TW5aMCt9mSF4FvMzQyarrP.webp\" class=\"attachment-1536x1536 size-1536x1536 wp-image-3335\" alt=\"\" srcset=\"https:\/\/newtownpark.fr\/wp-content\/uploads\/2025\/02\/file-TW5aMCt9mSF4FvMzQyarrP.webp 1024w, https:\/\/newtownpark.fr\/wp-content\/uploads\/2025\/02\/file-TW5aMCt9mSF4FvMzQyarrP-300x300.webp 300w, https:\/\/newtownpark.fr\/wp-content\/uploads\/2025\/02\/file-TW5aMCt9mSF4FvMzQyarrP-150x150.webp 150w, https:\/\/newtownpark.fr\/wp-content\/uploads\/2025\/02\/file-TW5aMCt9mSF4FvMzQyarrP-768x768.webp 768w, https:\/\/newtownpark.fr\/wp-content\/uploads\/2025\/02\/file-TW5aMCt9mSF4FvMzQyarrP-600x600.webp 600w, https:\/\/newtownpark.fr\/wp-content\/uploads\/2025\/02\/file-TW5aMCt9mSF4FvMzQyarrP-100x100.webp 100w\" sizes=\"(max-width: 1024px) 100vw, 1024px\" \/>\t\t\t\t\t\t\t\t\t\t\t\t\t\t\t<\/div>\n\t\t\t\t<\/div>\n\t\t\t\t<div class=\"elementor-element elementor-element-4b1dc67 elementor-widget elementor-widget-spacer\" data-id=\"4b1dc67\" data-element_type=\"widget\" data-e-type=\"widget\" data-widget_type=\"spacer.default\">\n\t\t\t\t<div class=\"elementor-widget-container\">\n\t\t\t\t\t\t\t<div class=\"elementor-spacer\">\n\t\t\t<div class=\"elementor-spacer-inner\"><\/div>\n\t\t<\/div>\n\t\t\t\t\t\t<\/div>\n\t\t\t\t<\/div>\n\t\t\t\t<div class=\"elementor-element elementor-element-a4c5a61 elementor-widget elementor-widget-cws_heading\" data-id=\"a4c5a61\" data-element_type=\"widget\" data-e-type=\"widget\" data-widget_type=\"cws_heading.default\">\n\t\t\t\t<div class=\"elementor-widget-container\">\n\t\t\t\t\t<div class=\"cws-widget\"><div class=\"cws_widget_content\"><div class=\"widget-title\">\nLa formule EVASION<\/div><\/div><\/div>\t\t\t\t<\/div>\n\t\t\t\t<\/div>\n\t\t\t\t<div class=\"elementor-element elementor-element-f0efcef elementor-widget elementor-widget-text-editor\" data-id=\"f0efcef\" data-element_type=\"widget\" data-e-type=\"widget\" data-widget_type=\"text-editor.default\">\n\t\t\t\t<div class=\"elementor-widget-container\">\n\t\t\t\t\t\t\t\t\t<p><strong><span style=\"vertical-align: inherit;\"><span style=\"vertical-align: inherit;\">Pour les 7 \u2013 10 ans &#8211; 15\u20ac par personne<\/span><\/span><\/strong><\/p><p><strong>8 enfants minimum<\/strong><\/p><p><span style=\"vertical-align: inherit;\"><span style=\"vertical-align: inherit;\">\u2022 Dur\u00e9e deux heures <\/span><\/span><br \/><span style=\"vertical-align: inherit;\"><span style=\"vertical-align: inherit;\">\u2022 40 minutes d&#8217;escalade \u00e0 NEWTOWN MOUNTAIN <\/span><\/span><br \/><span style=\"vertical-align: inherit;\"><span style=\"vertical-align: inherit;\">\u2022 20 minutes de pause en salle d&#8217;anniversaire pour faire le go\u00fbter (non fourni) <\/span><\/span><br \/><span style=\"vertical-align: inherit;\"><span style=\"vertical-align: inherit;\">\u2022 40 minutes \u00e0 la plage NEWTOWN BEACH\u00a0 <\/span><\/span><br \/><span style=\"vertical-align: inherit;\"><span style=\"vertical-align: inherit;\">\u2022 20 minutes de pause en salle d&#8217;anniversaire. <\/span><\/span><br \/><span style=\"vertical-align: inherit;\"><span style=\"vertical-align: inherit;\">\u2022 Boissons (eau, sirop, pepsi, gobelets) <\/span><\/span><br \/><span style=\"vertical-align: inherit;\"><span style=\"vertical-align: inherit;\">\u2022 3 jetons par enfant pour les jeux d&#8217;arcade<\/span><\/span><\/p>\t\t\t\t\t\t\t\t<\/div>\n\t\t\t\t<\/div>\n\t\t\t\t<div class=\"elementor-element elementor-element-05f6620 elementor-widget elementor-widget-cws_button\" data-id=\"05f6620\" data-element_type=\"widget\" data-e-type=\"widget\" data-widget_type=\"cws_button.default\">\n\t\t\t\t<div class=\"elementor-widget-container\">\n\t\t\t\t\t<a href=\"https:\/\/www.ibookit.fr\/commande\/commande.php?id_site=17&id_activite=1&cle_commande=At67mMUK&anniversaires=1\" target=\"_blank\" class=\"cws_button\"><span>R\u00e9servez<\/span><\/a>\t\t\t\t<\/div>\n\t\t\t\t<\/div>\n\t\t\t\t\t<\/div>\n\t\t<\/div>\n\t\t\t\t<div class=\"elementor-column elementor-col-33 elementor-top-column elementor-element elementor-element-4cf9888\" data-id=\"4cf9888\" data-element_type=\"column\" data-e-type=\"column\">\n\t\t\t<div class=\"elementor-widget-wrap elementor-element-populated\">\n\t\t\t\t\t\t<div class=\"elementor-element elementor-element-30b65db elementor-widget__width-initial elementor-widget elementor-widget-image\" data-id=\"30b65db\" data-element_type=\"widget\" data-e-type=\"widget\" data-widget_type=\"image.default\">\n\t\t\t\t<div class=\"elementor-widget-container\">\n\t\t\t\t\t\t\t\t\t\t\t\t\t\t\t<img decoding=\"async\" width=\"896\" height=\"896\" src=\"https:\/\/newtownpark.fr\/wp-content\/uploads\/2025\/02\/file-K9TGaH6NFX5nFKbbdhirf3.webp\" class=\"attachment-large size-large wp-image-3336\" alt=\"\" srcset=\"https:\/\/newtownpark.fr\/wp-content\/uploads\/2025\/02\/file-K9TGaH6NFX5nFKbbdhirf3.webp 1024w, https:\/\/newtownpark.fr\/wp-content\/uploads\/2025\/02\/file-K9TGaH6NFX5nFKbbdhirf3-300x300.webp 300w, https:\/\/newtownpark.fr\/wp-content\/uploads\/2025\/02\/file-K9TGaH6NFX5nFKbbdhirf3-150x150.webp 150w, https:\/\/newtownpark.fr\/wp-content\/uploads\/2025\/02\/file-K9TGaH6NFX5nFKbbdhirf3-768x768.webp 768w, https:\/\/newtownpark.fr\/wp-content\/uploads\/2025\/02\/file-K9TGaH6NFX5nFKbbdhirf3-600x600.webp 600w, https:\/\/newtownpark.fr\/wp-content\/uploads\/2025\/02\/file-K9TGaH6NFX5nFKbbdhirf3-100x100.webp 100w\" sizes=\"(max-width: 896px) 100vw, 896px\" \/>\t\t\t\t\t\t\t\t\t\t\t\t\t\t\t<\/div>\n\t\t\t\t<\/div>\n\t\t\t\t<div class=\"elementor-element elementor-element-ec03e50 elementor-widget elementor-widget-spacer\" data-id=\"ec03e50\" data-element_type=\"widget\" data-e-type=\"widget\" data-widget_type=\"spacer.default\">\n\t\t\t\t<div class=\"elementor-widget-container\">\n\t\t\t\t\t\t\t<div class=\"elementor-spacer\">\n\t\t\t<div class=\"elementor-spacer-inner\"><\/div>\n\t\t<\/div>\n\t\t\t\t\t\t<\/div>\n\t\t\t\t<\/div>\n\t\t\t\t<div class=\"elementor-element elementor-element-1610003 elementor-widget elementor-widget-cws_heading\" data-id=\"1610003\" data-element_type=\"widget\" data-e-type=\"widget\" data-widget_type=\"cws_heading.default\">\n\t\t\t\t<div class=\"elementor-widget-container\">\n\t\t\t\t\t<div class=\"cws-widget\"><div class=\"cws_widget_content\"><div class=\"widget-title\">La formule BEACH CLUB<\/div><\/div><\/div>\t\t\t\t<\/div>\n\t\t\t\t<\/div>\n\t\t\t\t<div class=\"elementor-element elementor-element-650b37d elementor-widget elementor-widget-text-editor\" data-id=\"650b37d\" data-element_type=\"widget\" data-e-type=\"widget\" data-widget_type=\"text-editor.default\">\n\t\t\t\t<div class=\"elementor-widget-container\">\n\t\t\t\t\t\t\t\t\t<p><strong><span style=\"vertical-align: inherit;\"><span style=\"vertical-align: inherit;\">Pour les 4 -9 ans &#8211; 15\u20ac par personne<\/span><\/span><\/strong><\/p><p><strong>8 enfants minimum<\/strong><\/p><p><span style=\"vertical-align: inherit;\"><span style=\"vertical-align: inherit;\">\u2022 Dur\u00e9e deux heures <\/span><\/span><br \/><span style=\"vertical-align: inherit;\"><span style=\"vertical-align: inherit;\">\u2022 40 minutes \u00e0 la plage NEWTOWN BEACH <\/span><\/span><br \/><span style=\"vertical-align: inherit;\"><span style=\"vertical-align: inherit;\">\u2022 20 minutes de pause en salle d&#8217;anniversaire pour faire le go\u00fbter (non fourni) <\/span><\/span><br \/><span style=\"vertical-align: inherit;\"><span style=\"vertical-align: inherit;\">\u2022 40 minutes \u00e0 la plage NEWTOWN BEACH <\/span><\/span><br \/><span style=\"vertical-align: inherit;\"><span style=\"vertical-align: inherit;\">\u2022 20 mlnutes de pause en salle d&#8217;anniversaire <\/span><\/span><br \/><span style=\"vertical-align: inherit;\"><span style=\"vertical-align: inherit;\">\u2022 Boissons (eau, sirop, pepsi, gobelets) <\/span><\/span><br \/><span style=\"vertical-align: inherit;\"><span style=\"vertical-align: inherit;\">\u2022 3 jetons par enfant pour les jeux d&#8217;arcade<\/span><\/span><\/p>\t\t\t\t\t\t\t\t<\/div>\n\t\t\t\t<\/div>\n\t\t\t\t<div class=\"elementor-element elementor-element-dd4b19b elementor-widget elementor-widget-cws_button\" data-id=\"dd4b19b\" data-element_type=\"widget\" data-e-type=\"widget\" data-widget_type=\"cws_button.default\">\n\t\t\t\t<div class=\"elementor-widget-container\">\n\t\t\t\t\t<a href=\"https:\/\/www.ibookit.fr\/commande\/commande.php?id_site=17&id_activite=1&cle_commande=At67mMUK&anniversaires=1\" target=\"_blank\" class=\"cws_button\"><span>R\u00e9servez<\/span><\/a>\t\t\t\t<\/div>\n\t\t\t\t<\/div>\n\t\t\t\t\t<\/div>\n\t\t<\/div>\n\t\t\t\t\t<\/div>\n\t\t<\/section>\n\t\t\t\t<section class=\"elementor-section elementor-top-section elementor-element elementor-element-f8546aa elementor-section-boxed elementor-section-height-default elementor-section-height-default\" data-id=\"f8546aa\" data-element_type=\"section\" data-e-type=\"section\">\n\t\t\t\t\t\t<div class=\"elementor-container elementor-column-gap-default\">\n\t\t\t\t\t<div class=\"elementor-column elementor-col-100 elementor-top-column elementor-element elementor-element-a2756ab\" data-id=\"a2756ab\" data-element_type=\"column\" data-e-type=\"column\">\n\t\t\t<div class=\"elementor-widget-wrap elementor-element-populated\">\n\t\t\t\t\t\t<div class=\"elementor-element elementor-element-762d6ad elementor-widget elementor-widget-spacer\" data-id=\"762d6ad\" data-element_type=\"widget\" data-e-type=\"widget\" data-widget_type=\"spacer.default\">\n\t\t\t\t<div class=\"elementor-widget-container\">\n\t\t\t\t\t\t\t<div class=\"elementor-spacer\">\n\t\t\t<div class=\"elementor-spacer-inner\"><\/div>\n\t\t<\/div>\n\t\t\t\t\t\t<\/div>\n\t\t\t\t<\/div>\n\t\t\t\t\t<\/div>\n\t\t<\/div>\n\t\t\t\t\t<\/div>\n\t\t<\/section>\n\t\t\t\t<section class=\"elementor-section elementor-top-section elementor-element elementor-element-2734cf2 elementor-section-boxed elementor-section-height-default elementor-section-height-default\" data-id=\"2734cf2\" data-element_type=\"section\" data-e-type=\"section\">\n\t\t\t\t\t\t<div class=\"elementor-container elementor-column-gap-default\">\n\t\t\t\t\t<div class=\"elementor-column elementor-col-100 elementor-top-column elementor-element elementor-element-a06d78d\" data-id=\"a06d78d\" data-element_type=\"column\" data-e-type=\"column\">\n\t\t\t<div class=\"elementor-widget-wrap elementor-element-populated\">\n\t\t\t\t\t\t<div class=\"elementor-element elementor-element-4d8ce26 elementor-widget elementor-widget-cws_button\" data-id=\"4d8ce26\" data-element_type=\"widget\" data-e-type=\"widget\" data-widget_type=\"cws_button.default\">\n\t\t\t\t<div class=\"elementor-widget-container\">\n\t\t\t\t\t<a href=\"http:\/\/newtownpark.fr\/wp-content\/uploads\/2024\/05\/Blue-Colorful-Illustrated-Animated-Happy-Birthday-Invitation-1.png\" target=\"_blank\" class=\"cws_button\"><span>INVITATION ANNIVERSAIRE<\/span><\/a>\t\t\t\t<\/div>\n\t\t\t\t<\/div>\n\t\t\t\t\t<\/div>\n\t\t<\/div>\n\t\t\t\t\t<\/div>\n\t\t<\/section>\n\t\t\t\t<\/div>\n\t\t","protected":false},"excerpt":{"rendered":"<p>Venez f\u00eatez vos \u00e9v\u00e8nements familiaux au Newtown Park, un anniversaire, un enterrement de vie de c\u00e9libataire ou juste pour le fun, le Newtown Park c\u2019est l\u2019endroit id\u00e9al pour faire la f\u00eate. Choisissez vos activit\u00e9s \u00e0 la carte ou packag\u00e9es et faites de votre \u00e9v\u00e8nement un moment unique. LES FORMULES ANNIVERSAIRES A partir de 8 ans [&hellip;]<\/p>\n","protected":false},"author":1,"featured_media":0,"parent":0,"menu_order":0,"comment_status":"closed","ping_status":"closed","template":"","meta":{"footnotes":""},"class_list":["post-2021","page","type-page","status-publish","hentry"],"_links":{"self":[{"href":"https:\/\/newtownpark.fr\/index.php\/wp-json\/wp\/v2\/pages\/2021","targetHints":{"allow":["GET"]}}],"collection":[{"href":"https:\/\/newtownpark.fr\/index.php\/wp-json\/wp\/v2\/pages"}],"about":[{"href":"https:\/\/newtownpark.fr\/index.php\/wp-json\/wp\/v2\/types\/page"}],"author":[{"embeddable":true,"href":"https:\/\/newtownpark.fr\/index.php\/wp-json\/wp\/v2\/users\/1"}],"replies":[{"embeddable":true,"href":"https:\/\/newtownpark.fr\/index.php\/wp-json\/wp\/v2\/comments?post=2021"}],"version-history":[{"count":95,"href":"https:\/\/newtownpark.fr\/index.php\/wp-json\/wp\/v2\/pages\/2021\/revisions"}],"predecessor-version":[{"id":3358,"href":"https:\/\/newtownpark.fr\/index.php\/wp-json\/wp\/v2\/pages\/2021\/revisions\/3358"}],"wp:attachment":[{"href":"https:\/\/newtownpark.fr\/index.php\/wp-json\/wp\/v2\/media?parent=2021"}],"curies":[{"name":"wp","href":"https:\/\/api.w.org\/{rel}","templated":true}]}}