{"id":2873,"date":"2022-11-14T11:50:19","date_gmt":"2022-11-14T10:50:19","guid":{"rendered":"https:\/\/newtownpark.fr\/?page_id=2873"},"modified":"2022-12-20T18:12:28","modified_gmt":"2022-12-20T17:12:28","slug":"entreprises","status":"publish","type":"page","link":"https:\/\/newtownpark.fr\/index.php\/entreprises\/","title":{"rendered":"Entreprises"},"content":{"rendered":"\t\t<div data-elementor-type=\"wp-page\" data-elementor-id=\"2873\" class=\"elementor elementor-2873\">\n\t\t\t\t\t\t<section class=\"elementor-section elementor-top-section elementor-element elementor-element-371e606 elementor-section-boxed elementor-section-height-default elementor-section-height-default\" data-id=\"371e606\" data-element_type=\"section\" data-e-type=\"section\">\n\t\t\t\t\t\t<div class=\"elementor-container elementor-column-gap-default\">\n\t\t\t\t\t<div class=\"elementor-column elementor-col-100 elementor-top-column elementor-element elementor-element-5453595\" data-id=\"5453595\" data-element_type=\"column\" data-e-type=\"column\">\n\t\t\t<div class=\"elementor-widget-wrap elementor-element-populated\">\n\t\t\t\t\t\t<div class=\"elementor-element elementor-element-8c2147d elementor-widget elementor-widget-text-editor\" data-id=\"8c2147d\" data-element_type=\"widget\" data-e-type=\"widget\" data-widget_type=\"text-editor.default\">\n\t\t\t\t<div class=\"elementor-widget-container\">\n\t\t\t\t\t\t\t\t\t<h1><span style=\"font-size: 16px; font-weight: normal;\">\u00a0VOTRE \u00c9V\u00c8NEMENT ENTREPRISE AU <\/span><strong style=\"font-size: 16px;\">NEWTOWN PARK<\/strong><span style=\"font-size: 16px; font-weight: normal;\"> AVEC 2 FORMULES AU CHOIX !<\/span><\/h1><p>Les formules Entreprises du Newtown Park vous permettent d\u2019organiser un s\u00e9minaire une incentive, une soir\u00e9e team building pour la coh\u00e9sion de vos \u00e9quipes ou tout simplement pour faire la f\u00eate entre coll\u00e8gues.<br \/>Nos formules toutes pr\u00eates sont compos\u00e9es de sessions de jeu privatis\u00e9es et d\u2019un buffet. Le repas se d\u00e9roule sur place dans un espace d\u00e9di\u00e9.<br \/>Choisissez une formule packag\u00e9e\u00a0 ou demandez un devis pour une prestation \u00ab\u00a0sur mesure\u00a0\u00bb .<br \/>A vous de jouer !<\/p>\t\t\t\t\t\t\t\t<\/div>\n\t\t\t\t<\/div>\n\t\t\t\t<div class=\"elementor-element elementor-element-56937a5 elementor-widget elementor-widget-image\" data-id=\"56937a5\" data-element_type=\"widget\" data-e-type=\"widget\" data-widget_type=\"image.default\">\n\t\t\t\t<div class=\"elementor-widget-container\">\n\t\t\t\t\t\t\t\t\t\t\t\t\t\t\t<img decoding=\"async\" src=\"https:\/\/newtownpark.fr\/wp-content\/uploads\/2013\/03\/support.png\" class=\"attachment-full size-full wp-image-1336\" alt=\"\" \/>\t\t\t\t\t\t\t\t\t\t\t\t\t\t\t<\/div>\n\t\t\t\t<\/div>\n\t\t\t\t\t<\/div>\n\t\t<\/div>\n\t\t\t\t\t<\/div>\n\t\t<\/section>\n\t\t\t\t<section class=\"elementor-section elementor-top-section elementor-element elementor-element-7b1c291 elementor-section-boxed elementor-section-height-default elementor-section-height-default\" data-id=\"7b1c291\" data-element_type=\"section\" data-e-type=\"section\">\n\t\t\t\t\t\t<div class=\"elementor-container elementor-column-gap-default\">\n\t\t\t\t\t<div class=\"elementor-column elementor-col-100 elementor-top-column elementor-element elementor-element-1171162\" data-id=\"1171162\" data-element_type=\"column\" data-e-type=\"column\">\n\t\t\t<div class=\"elementor-widget-wrap elementor-element-populated\">\n\t\t\t\t\t\t<div class=\"elementor-element elementor-element-192a01e elementor-widget elementor-widget-text-editor\" data-id=\"192a01e\" data-element_type=\"widget\" data-e-type=\"widget\" data-widget_type=\"text-editor.default\">\n\t\t\t\t<div class=\"elementor-widget-container\">\n\t\t\t\t\t\t\t\t\t<h2>LES FORMULES PACKAG\u00c9ES<\/h2>\t\t\t\t\t\t\t\t<\/div>\n\t\t\t\t<\/div>\n\t\t\t\t\t<\/div>\n\t\t<\/div>\n\t\t\t\t\t<\/div>\n\t\t<\/section>\n\t\t\t\t<section class=\"elementor-section elementor-top-section elementor-element elementor-element-87f7556 elementor-section-boxed elementor-section-height-default elementor-section-height-default\" data-id=\"87f7556\" data-element_type=\"section\" data-e-type=\"section\">\n\t\t\t\t\t\t<div class=\"elementor-container elementor-column-gap-extended\">\n\t\t\t\t\t<div class=\"elementor-column elementor-col-50 elementor-top-column elementor-element elementor-element-4f403bf\" data-id=\"4f403bf\" data-element_type=\"column\" data-e-type=\"column\">\n\t\t\t<div class=\"elementor-widget-wrap elementor-element-populated\">\n\t\t\t\t\t\t<div class=\"elementor-element elementor-element-e3f6465 elementor-widget elementor-widget-image\" data-id=\"e3f6465\" data-element_type=\"widget\" data-e-type=\"widget\" data-widget_type=\"image.default\">\n\t\t\t\t<div class=\"elementor-widget-container\">\n\t\t\t\t\t\t\t\t\t\t\t\t\t\t\t<img decoding=\"async\" src=\"https:\/\/newtownpark.fr\/wp-content\/plugins\/elementor\/assets\/images\/placeholder.png\" title=\"\" alt=\"\" loading=\"lazy\" \/>\t\t\t\t\t\t\t\t\t\t\t\t\t\t\t<\/div>\n\t\t\t\t<\/div>\n\t\t\t\t<div class=\"elementor-element elementor-element-c13524d elementor-widget elementor-widget-spacer\" data-id=\"c13524d\" data-element_type=\"widget\" data-e-type=\"widget\" data-widget_type=\"spacer.default\">\n\t\t\t\t<div class=\"elementor-widget-container\">\n\t\t\t\t\t\t\t<div class=\"elementor-spacer\">\n\t\t\t<div class=\"elementor-spacer-inner\"><\/div>\n\t\t<\/div>\n\t\t\t\t\t\t<\/div>\n\t\t\t\t<\/div>\n\t\t\t\t<div class=\"elementor-element elementor-element-c42363c elementor-widget elementor-widget-cws_heading\" data-id=\"c42363c\" data-element_type=\"widget\" data-e-type=\"widget\" data-widget_type=\"cws_heading.default\">\n\t\t\t\t<div class=\"elementor-widget-container\">\n\t\t\t\t\t<div class=\"cws-widget\"><div class=\"cws_widget_content\"><div class=\"widget-title\">Formule NEWTOWN KOEZION<\/div><\/div><\/div>\t\t\t\t<\/div>\n\t\t\t\t<\/div>\n\t\t\t\t<div class=\"elementor-element elementor-element-f0afdde elementor-widget elementor-widget-text-editor\" data-id=\"f0afdde\" data-element_type=\"widget\" data-e-type=\"widget\" data-widget_type=\"text-editor.default\">\n\t\t\t\t<div class=\"elementor-widget-container\">\n\t\t\t\t\t\t\t\t\t<p><strong><span style=\"font-size: 16px; background-color: #ffffff;\">A partir de 20 personnes<\/span><\/strong><\/p><p><span style=\"font-size: 16px;\">\u2022\u00a0<\/span><span style=\"font-size: 16px; background-color: #ffffff;\">2 cessions d\u2019escalade et\/ou ninja tag (2x20min.)<\/span><br \/><span style=\"font-size: 16px;\">\u2022\u00a0<\/span><span style=\"font-size: 16px; background-color: #ffffff;\">Buffet traiteur* sur place<\/span><\/p><p><span style=\"font-size: 16px;\">\u2022\u00a0<\/span><span style=\"background-color: #ffffff; font-size: 16px;\">20 \u00e0 30 pers. :\u00a0480\u20ac + 39\u20ac\u00a0\/ pers.<br \/><\/span><span style=\"font-size: 16px;\">\u2022\u00a0<\/span><span style=\"background-color: #ffffff; font-size: 16px;\">31 \u00e0 60 pers. :\u00a0960\u20ac + 39\u20ac\u00a0\/ pers.<\/span><\/p><p><br \/><br \/><\/p>\t\t\t\t\t\t\t\t<\/div>\n\t\t\t\t<\/div>\n\t\t\t\t<div class=\"elementor-element elementor-element-7610408 elementor-widget elementor-widget-cws_button\" data-id=\"7610408\" data-element_type=\"widget\" data-e-type=\"widget\" data-widget_type=\"cws_button.default\">\n\t\t\t\t<div class=\"elementor-widget-container\">\n\t\t\t\t\t<a href=\"https:\/\/newtownpark.fr\/index.php\/contact\/\" class=\"cws_button\"><span>R\u00e9servez<\/span><\/a>\t\t\t\t<\/div>\n\t\t\t\t<\/div>\n\t\t\t\t<div class=\"elementor-element elementor-element-53f561a elementor-widget elementor-widget-spacer\" data-id=\"53f561a\" data-element_type=\"widget\" data-e-type=\"widget\" data-widget_type=\"spacer.default\">\n\t\t\t\t<div class=\"elementor-widget-container\">\n\t\t\t\t\t\t\t<div class=\"elementor-spacer\">\n\t\t\t<div class=\"elementor-spacer-inner\"><\/div>\n\t\t<\/div>\n\t\t\t\t\t\t<\/div>\n\t\t\t\t<\/div>\n\t\t\t\t\t<\/div>\n\t\t<\/div>\n\t\t\t\t<div class=\"elementor-column elementor-col-50 elementor-top-column elementor-element elementor-element-4d0af6d\" data-id=\"4d0af6d\" data-element_type=\"column\" data-e-type=\"column\">\n\t\t\t<div class=\"elementor-widget-wrap elementor-element-populated\">\n\t\t\t\t\t\t<div class=\"elementor-element elementor-element-cfd9b9a elementor-widget elementor-widget-image\" data-id=\"cfd9b9a\" data-element_type=\"widget\" data-e-type=\"widget\" data-widget_type=\"image.default\">\n\t\t\t\t<div class=\"elementor-widget-container\">\n\t\t\t\t\t\t\t\t\t\t\t\t\t\t\t<img decoding=\"async\" src=\"https:\/\/newtownpark.fr\/wp-content\/plugins\/elementor\/assets\/images\/placeholder.png\" title=\"\" alt=\"\" loading=\"lazy\" \/>\t\t\t\t\t\t\t\t\t\t\t\t\t\t\t<\/div>\n\t\t\t\t<\/div>\n\t\t\t\t<div class=\"elementor-element elementor-element-669f17c elementor-widget elementor-widget-spacer\" data-id=\"669f17c\" data-element_type=\"widget\" data-e-type=\"widget\" data-widget_type=\"spacer.default\">\n\t\t\t\t<div class=\"elementor-widget-container\">\n\t\t\t\t\t\t\t<div class=\"elementor-spacer\">\n\t\t\t<div class=\"elementor-spacer-inner\"><\/div>\n\t\t<\/div>\n\t\t\t\t\t\t<\/div>\n\t\t\t\t<\/div>\n\t\t\t\t<div class=\"elementor-element elementor-element-966ad47 elementor-widget elementor-widget-cws_heading\" data-id=\"966ad47\" data-element_type=\"widget\" data-e-type=\"widget\" data-widget_type=\"cws_heading.default\">\n\t\t\t\t<div class=\"elementor-widget-container\">\n\t\t\t\t\t<div class=\"cws-widget\"><div class=\"cws_widget_content\"><div class=\"widget-title\">Formule NEWTOWN FUZION<\/div><\/div><\/div>\t\t\t\t<\/div>\n\t\t\t\t<\/div>\n\t\t\t\t<div class=\"elementor-element elementor-element-d4a06c4 elementor-widget elementor-widget-text-editor\" data-id=\"d4a06c4\" data-element_type=\"widget\" data-e-type=\"widget\" data-widget_type=\"text-editor.default\">\n\t\t\t\t<div class=\"elementor-widget-container\">\n\t\t\t\t\t\t\t\t\t<p><strong>A partir de 30 personnes<\/strong><\/p><p style=\"text-align: left;\"><span style=\"font-size: 16px;\">\u2022\u00a0<span style=\"font-size: 16px; background-color: #ffffff;\">Privatisation totale du Newtown Park ( 4 heures max.)<\/span><\/span><\/p><p style=\"text-align: left;\"><span style=\"font-size: 16px;\">\u2022 Acc\u00e9s en illimit\u00e9 \u00e0 toutes les activit\u00e9s<br \/>\u2022\u00a0<span style=\"font-size: 16px; background-color: #ffffff;\">Buffet traiteur* sur place<\/span><\/span><\/p><p><span style=\"font-size: 16px;\">\u2022\u00a0<\/span><span style=\"background-color: #ffffff; font-size: 16px;\">1400\u20ac + 39\u20ac\u00a0\/ pers.<\/span><\/p><p style=\"font-size: 16px; background-color: #ffffff;\">\u00a0<\/p>\t\t\t\t\t\t\t\t<\/div>\n\t\t\t\t<\/div>\n\t\t\t\t<div class=\"elementor-element elementor-element-605df44 elementor-widget elementor-widget-cws_button\" data-id=\"605df44\" data-element_type=\"widget\" data-e-type=\"widget\" data-widget_type=\"cws_button.default\">\n\t\t\t\t<div class=\"elementor-widget-container\">\n\t\t\t\t\t<a href=\"https:\/\/newtownpark.fr\/index.php\/contact\/\" class=\"cws_button\"><span>R\u00e9servez<\/span><\/a>\t\t\t\t<\/div>\n\t\t\t\t<\/div>\n\t\t\t\t<div class=\"elementor-element elementor-element-ea3b9cb elementor-widget elementor-widget-spacer\" data-id=\"ea3b9cb\" data-element_type=\"widget\" data-e-type=\"widget\" data-widget_type=\"spacer.default\">\n\t\t\t\t<div class=\"elementor-widget-container\">\n\t\t\t\t\t\t\t<div class=\"elementor-spacer\">\n\t\t\t<div class=\"elementor-spacer-inner\"><\/div>\n\t\t<\/div>\n\t\t\t\t\t\t<\/div>\n\t\t\t\t<\/div>\n\t\t\t\t\t<\/div>\n\t\t<\/div>\n\t\t\t\t\t<\/div>\n\t\t<\/section>\n\t\t\t\t<section class=\"elementor-section elementor-top-section elementor-element elementor-element-64cfd1d elementor-section-boxed elementor-section-height-default elementor-section-height-default\" data-id=\"64cfd1d\" data-element_type=\"section\" data-e-type=\"section\">\n\t\t\t\t\t\t<div class=\"elementor-container elementor-column-gap-default\">\n\t\t\t\t\t<div class=\"elementor-column elementor-col-100 elementor-top-column elementor-element elementor-element-92a8d23\" data-id=\"92a8d23\" data-element_type=\"column\" data-e-type=\"column\">\n\t\t\t<div class=\"elementor-widget-wrap elementor-element-populated\">\n\t\t\t\t\t\t<div class=\"elementor-element elementor-element-3bb4a9d elementor-widget elementor-widget-text-editor\" data-id=\"3bb4a9d\" data-element_type=\"widget\" data-e-type=\"widget\" data-widget_type=\"text-editor.default\">\n\t\t\t\t<div class=\"elementor-widget-container\">\n\t\t\t\t\t\t\t\t\t<p style=\"font-size: 16px; background-color: #ffffff;\"><span style=\"font-size: 16px;\">* Le buffet traiteur est constitu\u00e9 de salades compos\u00e9es, salades de p\u00e2tes, crudit\u00e9s, jambon de pays, plateaux de charcuterie, pommes de terre campagnardes, mezzes m\u00e9diterran\u00e9ens, plateau de fromages, mignardises, open bar Soft, vins (Muscadet &amp; Brouilly), pains.<\/span><\/p><p><strong>SUR-MESURE<\/strong><br \/>Au newtown Park nous propososns aussi des prestations \u00e0 la carte et sur-mesure pour r\u00e9pondre pr\u00e9cis\u00e9ment \u00e0 vos besoins pour vos s\u00e9minaires, incentives et soir\u00e9es d\u2019entreprise. Retrouvez ci-dessous la liste des prestations que nous proposons :<\/p><p><strong>LES OPTIONS<\/strong><br \/>Salle de r\u00e9union (30 pers. max)<br \/>Karaok\u00e9<br \/>Jeux d\u2019arcades en illimit\u00e9 ( mini bownling, billards, arcades \u2026)<\/p><p><strong style=\"font-size: 16px;\">LA RESTAURATION<br \/><\/strong>Mise \u00e0 disposition de la salle (restauration assur\u00e9e par vos soins)<br \/>Buffet traiteur ;<br \/>Pizza Party ! + Softs<br \/>Ap\u00e9ritif (Champagne + petits fours)<br \/>Petit-d\u00e9jeuner (boissons chaudes, jus de fruits, viennoiseries et g\u00e2teaux)<\/p>\t\t\t\t\t\t\t\t<\/div>\n\t\t\t\t<\/div>\n\t\t\t\t\t<\/div>\n\t\t<\/div>\n\t\t\t\t\t<\/div>\n\t\t<\/section>\n\t\t\t\t<section class=\"elementor-section elementor-top-section elementor-element elementor-element-db92ba7 elementor-section-boxed elementor-section-height-default elementor-section-height-default\" data-id=\"db92ba7\" data-element_type=\"section\" data-e-type=\"section\">\n\t\t\t\t\t\t<div class=\"elementor-container elementor-column-gap-default\">\n\t\t\t\t\t<div class=\"elementor-column elementor-col-100 elementor-top-column elementor-element elementor-element-bcf553f\" data-id=\"bcf553f\" data-element_type=\"column\" data-e-type=\"column\">\n\t\t\t<div class=\"elementor-widget-wrap elementor-element-populated\">\n\t\t\t\t\t\t<div class=\"elementor-element elementor-element-422dc83 elementor-widget elementor-widget-text-editor\" data-id=\"422dc83\" data-element_type=\"widget\" data-e-type=\"widget\" data-widget_type=\"text-editor.default\">\n\t\t\t\t<div class=\"elementor-widget-container\">\n\t\t\t\t\t\t\t\t\t<p><strong>DEMANDE\u00a0DE R\u00c9SERVATION<\/strong><br \/>Vous souhaitez organiser votre \u00e9v\u00e8nement d\u2019entreprise au Newtown Park ?<br \/>Remplissez le formulaire ci-dessous ou appelez-nous\u00a0au\u00a0<strong>06.09.78.32.41<\/strong><\/p>\t\t\t\t\t\t\t\t<\/div>\n\t\t\t\t<\/div>\n\t\t\t\t\t<\/div>\n\t\t<\/div>\n\t\t\t\t\t<\/div>\n\t\t<\/section>\n\t\t\t\t<section class=\"elementor-section elementor-top-section elementor-element elementor-element-e5fd744 elementor-section-boxed elementor-section-height-default elementor-section-height-default\" data-id=\"e5fd744\" data-element_type=\"section\" data-e-type=\"section\">\n\t\t\t\t\t\t<div class=\"elementor-container elementor-column-gap-default\">\n\t\t\t\t\t<div class=\"elementor-column elementor-col-100 elementor-top-column elementor-element elementor-element-868e0fa\" data-id=\"868e0fa\" data-element_type=\"column\" data-e-type=\"column\">\n\t\t\t<div class=\"elementor-widget-wrap elementor-element-populated\">\n\t\t\t\t\t\t<div class=\"elementor-element elementor-element-1847adb elementor-widget elementor-widget-cws_button\" data-id=\"1847adb\" data-element_type=\"widget\" data-e-type=\"widget\" data-widget_type=\"cws_button.default\">\n\t\t\t\t<div class=\"elementor-widget-container\">\n\t\t\t\t\t<a href=\"https:\/\/newtownpark.fr\/index.php\/contact\/\" class=\"cws_button\"><span>R\u00e9servez<\/span><\/a>\t\t\t\t<\/div>\n\t\t\t\t<\/div>\n\t\t\t\t\t<\/div>\n\t\t<\/div>\n\t\t\t\t\t<\/div>\n\t\t<\/section>\n\t\t\t\t<section class=\"elementor-section elementor-top-section elementor-element elementor-element-7c908a4 elementor-section-boxed elementor-section-height-default elementor-section-height-default\" data-id=\"7c908a4\" data-element_type=\"section\" data-e-type=\"section\">\n\t\t\t\t\t\t<div class=\"elementor-container elementor-column-gap-default\">\n\t\t\t\t\t<div class=\"elementor-column elementor-col-100 elementor-top-column elementor-element elementor-element-540dd4a\" data-id=\"540dd4a\" data-element_type=\"column\" data-e-type=\"column\">\n\t\t\t<div class=\"elementor-widget-wrap elementor-element-populated\">\n\t\t\t\t\t\t<div class=\"elementor-element elementor-element-8af26f9 elementor-widget elementor-widget-spacer\" data-id=\"8af26f9\" data-element_type=\"widget\" data-e-type=\"widget\" data-widget_type=\"spacer.default\">\n\t\t\t\t<div class=\"elementor-widget-container\">\n\t\t\t\t\t\t\t<div class=\"elementor-spacer\">\n\t\t\t<div class=\"elementor-spacer-inner\"><\/div>\n\t\t<\/div>\n\t\t\t\t\t\t<\/div>\n\t\t\t\t<\/div>\n\t\t\t\t\t<\/div>\n\t\t<\/div>\n\t\t\t\t\t<\/div>\n\t\t<\/section>\n\t\t\t\t<\/div>\n\t\t","protected":false},"excerpt":{"rendered":"<p>\u00a0VOTRE \u00c9V\u00c8NEMENT ENTREPRISE AU NEWTOWN PARK AVEC 2 FORMULES AU CHOIX ! Les formules Entreprises du Newtown Park vous permettent d\u2019organiser un s\u00e9minaire une incentive, une soir\u00e9e team building pour la coh\u00e9sion de vos \u00e9quipes ou tout simplement pour faire la f\u00eate entre coll\u00e8gues.Nos formules toutes pr\u00eates sont compos\u00e9es de sessions de jeu privatis\u00e9es et [&hellip;]<\/p>\n","protected":false},"author":1,"featured_media":0,"parent":0,"menu_order":0,"comment_status":"closed","ping_status":"closed","template":"","meta":{"footnotes":""},"class_list":["post-2873","page","type-page","status-publish","hentry"],"_links":{"self":[{"href":"https:\/\/newtownpark.fr\/index.php\/wp-json\/wp\/v2\/pages\/2873","targetHints":{"allow":["GET"]}}],"collection":[{"href":"https:\/\/newtownpark.fr\/index.php\/wp-json\/wp\/v2\/pages"}],"about":[{"href":"https:\/\/newtownpark.fr\/index.php\/wp-json\/wp\/v2\/types\/page"}],"author":[{"embeddable":true,"href":"https:\/\/newtownpark.fr\/index.php\/wp-json\/wp\/v2\/users\/1"}],"replies":[{"embeddable":true,"href":"https:\/\/newtownpark.fr\/index.php\/wp-json\/wp\/v2\/comments?post=2873"}],"version-history":[{"count":24,"href":"https:\/\/newtownpark.fr\/index.php\/wp-json\/wp\/v2\/pages\/2873\/revisions"}],"predecessor-version":[{"id":3118,"href":"https:\/\/newtownpark.fr\/index.php\/wp-json\/wp\/v2\/pages\/2873\/revisions\/3118"}],"wp:attachment":[{"href":"https:\/\/newtownpark.fr\/index.php\/wp-json\/wp\/v2\/media?parent=2873"}],"curies":[{"name":"wp","href":"https:\/\/api.w.org\/{rel}","templated":true}]}}