{"id":3,"date":"2022-10-04T13:03:24","date_gmt":"2022-10-04T11:03:24","guid":{"rendered":"http:\/\/newtownpark.fr\/?page_id=3"},"modified":"2022-11-04T11:27:27","modified_gmt":"2022-11-04T10:27:27","slug":"conditions-generales-de-vente","status":"publish","type":"page","link":"https:\/\/newtownpark.fr\/index.php\/conditions-generales-de-vente\/","title":{"rendered":"Conditions g\u00e9n\u00e9rales de vente"},"content":{"rendered":"\t\t<div data-elementor-type=\"wp-page\" data-elementor-id=\"3\" class=\"elementor elementor-3\">\n\t\t\t\t\t\t<section class=\"elementor-section elementor-top-section elementor-element elementor-element-5ae2aef elementor-section-boxed elementor-section-height-default elementor-section-height-default\" data-id=\"5ae2aef\" data-element_type=\"section\" data-e-type=\"section\">\n\t\t\t\t\t\t<div class=\"elementor-container elementor-column-gap-default\">\n\t\t\t\t\t<div class=\"elementor-column elementor-col-100 elementor-top-column elementor-element elementor-element-20ea40d2\" data-id=\"20ea40d2\" data-element_type=\"column\" data-e-type=\"column\">\n\t\t\t<div class=\"elementor-widget-wrap elementor-element-populated\">\n\t\t\t\t\t\t<div class=\"elementor-element elementor-element-1b9a8f2a elementor-widget elementor-widget-text-editor\" data-id=\"1b9a8f2a\" data-element_type=\"widget\" data-e-type=\"widget\" data-widget_type=\"text-editor.default\">\n\t\t\t\t<div class=\"elementor-widget-container\">\n\t\t\t\t\t\t\t\t\t\n<h2 class=\"wp-block-heading\">CONDITIONS GENERALES DE VENTE<\/h2>\n\n<p>MISE EN GARDE: ATTENTION L\u2019ACTIVIT\u00c9 NINJA TAG EST R\u00c9SERV\u00c9E AUX ENFANTS A PARTIR DE 8 ANS, LA DIRECTION SE R\u00c9SERVE LE DROIT DE REFUSER LE JEU A UN ENFANT OU UN GROUPE D&#8217;ENFANTS POUR DES RAISONS DE TAILLE MINIMALE ET DE S\u00c9CURIT\u00c9.<br \/>AUCUN REMBOURSEMENT NE SERA EFFECTU\u00c9.<\/p>\n<p>LES RESERVATIONS NE SONT PAS PRIVATISEES, LES JOUEURS JOUENT AVEC D&#8217;AUTRES JOUEURS DANS LES ESPACES DE JEU<\/p>\n<p>Nota : Si vous ne recevez pas votre confirmation de r\u00e9servation, veuillez v\u00e9rifier que celle-ci n&#8217;a pas \u00e9t\u00e9 consid\u00e9r\u00e9e comme courrier ind\u00e9sirable ou spam par votre messagerie<\/p>\n<p>Afin de vous assurer de recevoir nos futurs mails, merci d&#8217;ajouter notre adresse mail dans la liste de vos exp\u00e9diteurs autoris\u00e9s.<\/p>\n<p><strong>CONDITIONS G\u00c9N\u00c9RALES DE VENTE :<\/strong><\/p>\n<p>1\/ La r\u00e9servation en ligne n&#8217;est effective qu&#8217;\u00e0 r\u00e9ception des arrhes demand\u00e9s.<\/p>\n<p>2\/ Les r\u00e9servations en ligne sont modifiables jusqu&#8217;\u00e0 48h00 avant la date fix\u00e9e.<\/p>\n<p>3\/ ATTENTION: la modification du nombre de joueurs suppl\u00e9mentaires se fera dans la limite des places restantes disponibles. si nous sommes complets, nous ne pourrons rajouter de joueurs suppl\u00e9mentaires<\/p>\n<p>4\/ Le nombre de participants pouvant \u00eatre annul\u00e9s dans ce d\u00e9lai est limit\u00e9 \u00e0 2 maximum par r\u00e9servation. En l&#8217;absence de modification de la r\u00e9servation, la facture sera \u00e9tablie sur la base du nombre de participants r\u00e9serv\u00e9s et ce quels que soient les motifs justifiant la d\u00e9fection.<\/p>\n<p>5\/ Pour la bonne organisation de l&#8217;\u00e9tablissement, les clients sont pri\u00e9s de se pr\u00e9senter au moins 1\/4 d&#8217;heure avant le d\u00e9but des r\u00e9servations. Les cessions ne pourront \u00eatre d\u00e9cal\u00e9es en cas de retard. En cas d&#8217;absence, les cessions resteront d\u00fbes.<\/p>\n<p>6\/ Conditions d&#8217;annulation:<br \/>&#8211; plus de 30 jours avant la date, les arrhes sont rembours\u00e9s dans leur int\u00e9gralit\u00e9.<br \/>&#8211; moins de 30 jours avant la date, les arrhes ne sont pas rembours\u00e9s.<\/p>\n<p>7\/ le <strong>NEWTOWN PARK<\/strong> d\u00e9cline toute responsabilit\u00e9 en cas de dommage ou accident survenu en cas de non respect des consignes de s\u00e9curit\u00e9 donn\u00e9es lors des briefings.<\/p>\n<p>8\/ Pour des raisons de s\u00e9curit\u00e9 li\u00e9es \u00e0 la capacit\u00e9 d&#8217;accueil de l&#8217;\u00e9tablissement, le nombre d&#8217;accompagnants en salle d&#8217;anniversaire est limit\u00e9 \u00e0 1 adulte pour 5 enfants.<\/p>\n<p>Toute l&#8217;\u00e9quipe du <strong>NEWTOWN PARK<\/strong> vous remercie et vous souhaite de passer un excellent moment dans notre \u00e9tablissement.<\/p>\n\t\t\t\t\t\t\t\t<\/div>\n\t\t\t\t<\/div>\n\t\t\t\t\t<\/div>\n\t\t<\/div>\n\t\t\t\t\t<\/div>\n\t\t<\/section>\n\t\t\t\t<\/div>\n\t\t","protected":false},"excerpt":{"rendered":"<p>CONDITIONS GENERALES DE VENTE MISE EN GARDE: ATTENTION L\u2019ACTIVIT\u00c9 NINJA TAG EST R\u00c9SERV\u00c9E AUX ENFANTS A PARTIR DE 8 ANS, LA DIRECTION SE R\u00c9SERVE LE DROIT DE REFUSER LE JEU A UN ENFANT OU UN GROUPE D&#8217;ENFANTS POUR DES RAISONS DE TAILLE MINIMALE ET DE S\u00c9CURIT\u00c9.AUCUN REMBOURSEMENT NE SERA EFFECTU\u00c9. LES RESERVATIONS NE SONT PAS [&hellip;]<\/p>\n","protected":false},"author":1,"featured_media":0,"parent":0,"menu_order":0,"comment_status":"closed","ping_status":"closed","template":"","meta":{"footnotes":""},"class_list":["post-3","page","type-page","status-publish","hentry"],"_links":{"self":[{"href":"https:\/\/newtownpark.fr\/index.php\/wp-json\/wp\/v2\/pages\/3","targetHints":{"allow":["GET"]}}],"collection":[{"href":"https:\/\/newtownpark.fr\/index.php\/wp-json\/wp\/v2\/pages"}],"about":[{"href":"https:\/\/newtownpark.fr\/index.php\/wp-json\/wp\/v2\/types\/page"}],"author":[{"embeddable":true,"href":"https:\/\/newtownpark.fr\/index.php\/wp-json\/wp\/v2\/users\/1"}],"replies":[{"embeddable":true,"href":"https:\/\/newtownpark.fr\/index.php\/wp-json\/wp\/v2\/comments?post=3"}],"version-history":[{"count":8,"href":"https:\/\/newtownpark.fr\/index.php\/wp-json\/wp\/v2\/pages\/3\/revisions"}],"predecessor-version":[{"id":2859,"href":"https:\/\/newtownpark.fr\/index.php\/wp-json\/wp\/v2\/pages\/3\/revisions\/2859"}],"wp:attachment":[{"href":"https:\/\/newtownpark.fr\/index.php\/wp-json\/wp\/v2\/media?parent=3"}],"curies":[{"name":"wp","href":"https:\/\/api.w.org\/{rel}","templated":true}]}}